{"id":481,"date":"2026-03-09T11:39:01","date_gmt":"2026-03-09T10:39:01","guid":{"rendered":"https:\/\/test.tedcamper.ch\/note-legali\/"},"modified":"2026-03-25T13:32:09","modified_gmt":"2026-03-25T12:32:09","slug":"note-legali","status":"publish","type":"page","link":"https:\/\/test.tedcamper.ch\/it\/note-legali\/","title":{"rendered":"Note legali"},"content":{"rendered":"\n<h2 class=\"wp-block-heading\">Note legali<\/h2>\n\n<h3 class=\"wp-block-heading\">Editore del sito<\/h3>\n\n<p><strong>TED Camper<\/strong><br\/>Vaud, Svizzera<br\/>Email: <a href=\"mailto:info@tedcamper.ch\">info@tedcamper.ch<\/a><\/p>\n\n<hr class=\"wp-block-separator has-alpha-channel-opacity\"\/>\n\n<h3 class=\"wp-block-heading\">Hosting<\/h3>\n\n<p>Il sito \u00e8 ospitato da un fornitore esterno.<\/p>\n\n<hr class=\"wp-block-separator has-alpha-channel-opacity\"\/>\n\n<h3 class=\"wp-block-heading\">Propriet\u00e0 intellettuale<\/h3>\n\n<p>Tutti i contenuti del sito (testi, immagini, logo) sono protetti.<\/p>\n\n<hr class=\"wp-block-separator has-alpha-channel-opacity\"\/>\n\n<h3 class=\"wp-block-heading\">Responsabilit\u00e0<\/h3>\n\n<p>TED Camper si impegna a fornire informazioni affidabili, ma non ne garantisce l&#8217;assoluta esattezza.<\/p>\n\n<p><\/p>\n","protected":false},"excerpt":{"rendered":"<p>Note legali Editore del sito TED CamperVaud, SvizzeraEmail: info@tedcamper.ch Hosting Il sito \u00e8 ospitato da un fornitore esterno. Propriet\u00e0 intellettuale Tutti i contenuti del sito (testi, immagini, logo) sono protetti. Responsabilit\u00e0 TED Camper si impegna a fornire informazioni affidabili, ma non ne garantisce l&#8217;assoluta esattezza.<\/p>\n","protected":false},"author":1,"featured_media":0,"parent":0,"menu_order":0,"comment_status":"closed","ping_status":"closed","template":"","meta":{"_kad_post_transparent":"","_kad_post_title":"hide","_kad_post_layout":"narrow","_kad_post_sidebar_id":"","_kad_post_content_style":"","_kad_post_vertical_padding":"","_kad_post_feature":"","_kad_post_feature_position":"","_kad_post_header":false,"_kad_post_footer":false,"_kad_post_classname":"","footnotes":""},"class_list":["post-481","page","type-page","status-publish","hentry"],"_links":{"self":[{"href":"https:\/\/test.tedcamper.ch\/it\/wp-json\/wp\/v2\/pages\/481","targetHints":{"allow":["GET"]}}],"collection":[{"href":"https:\/\/test.tedcamper.ch\/it\/wp-json\/wp\/v2\/pages"}],"about":[{"href":"https:\/\/test.tedcamper.ch\/it\/wp-json\/wp\/v2\/types\/page"}],"author":[{"embeddable":true,"href":"https:\/\/test.tedcamper.ch\/it\/wp-json\/wp\/v2\/users\/1"}],"replies":[{"embeddable":true,"href":"https:\/\/test.tedcamper.ch\/it\/wp-json\/wp\/v2\/comments?post=481"}],"version-history":[{"count":3,"href":"https:\/\/test.tedcamper.ch\/it\/wp-json\/wp\/v2\/pages\/481\/revisions"}],"predecessor-version":[{"id":837,"href":"https:\/\/test.tedcamper.ch\/it\/wp-json\/wp\/v2\/pages\/481\/revisions\/837"}],"wp:attachment":[{"href":"https:\/\/test.tedcamper.ch\/it\/wp-json\/wp\/v2\/media?parent=481"}],"curies":[{"name":"wp","href":"https:\/\/api.w.org\/{rel}","templated":true}]}}