{"id":499,"date":"2026-03-09T11:45:51","date_gmt":"2026-03-09T10:45:51","guid":{"rendered":"https:\/\/test.tedcamper.ch\/rueckerstattungsrichtlinie\/"},"modified":"2026-03-25T13:28:47","modified_gmt":"2026-03-25T12:28:47","slug":"rueckerstattungsrichtlinie","status":"publish","type":"page","link":"https:\/\/test.tedcamper.ch\/de\/rueckerstattungsrichtlinie\/","title":{"rendered":"R\u00fcckerstattungsrichtlinie"},"content":{"rendered":"\n<h2 class=\"wp-block-heading\">R\u00fcckerstattungsrichtlinie<\/h2>\n\n<h3 class=\"wp-block-heading\">1. R\u00fccksendungen<\/h3>\n\n<p>Produkte k\u00f6nnen innerhalb von 14 Tagen zur\u00fcckgegeben werden.<\/p>\n\n<hr class=\"wp-block-separator has-alpha-channel-opacity\"\/>\n\n<h3 class=\"wp-block-heading\">2. Bedingungen<\/h3>\n\n<p>Das Produkt muss:<\/p>\n\n<ul class=\"wp-block-list\">\n<li>unbenutzt sein<\/li>\n\n\n\n<li>in der Originalverpackung sein<\/li>\n<\/ul>\n\n<hr class=\"wp-block-separator has-alpha-channel-opacity\"\/>\n\n<h3 class=\"wp-block-heading\">3. R\u00fcckerstattung<\/h3>\n\n<p>Die R\u00fcckerstattung erfolgt nach Erhalt und Pr\u00fcfung des Produkts.<\/p>\n\n<hr class=\"wp-block-separator has-alpha-channel-opacity\"\/>\n\n<h3 class=\"wp-block-heading\">4. Kosten<\/h3>\n\n<p>Die R\u00fccksendekosten tr\u00e4gt der Kunde, au\u00dfer bei Produktm\u00e4ngeln.<\/p>\n","protected":false},"excerpt":{"rendered":"<p>R\u00fcckerstattungsrichtlinie 1. R\u00fccksendungen Produkte k\u00f6nnen innerhalb von 14 Tagen zur\u00fcckgegeben werden. 2. Bedingungen Das Produkt muss: 3. R\u00fcckerstattung Die R\u00fcckerstattung erfolgt nach Erhalt und Pr\u00fcfung des Produkts. 4. Kosten Die R\u00fccksendekosten tr\u00e4gt der Kunde, au\u00dfer bei Produktm\u00e4ngeln.<\/p>\n","protected":false},"author":1,"featured_media":0,"parent":0,"menu_order":0,"comment_status":"closed","ping_status":"closed","template":"","meta":{"_kad_post_transparent":"","_kad_post_title":"hide","_kad_post_layout":"narrow","_kad_post_sidebar_id":"","_kad_post_content_style":"","_kad_post_vertical_padding":"","_kad_post_feature":"","_kad_post_feature_position":"","_kad_post_header":false,"_kad_post_footer":false,"_kad_post_classname":"","footnotes":""},"class_list":["post-499","page","type-page","status-publish","hentry"],"_links":{"self":[{"href":"https:\/\/test.tedcamper.ch\/de\/wp-json\/wp\/v2\/pages\/499","targetHints":{"allow":["GET"]}}],"collection":[{"href":"https:\/\/test.tedcamper.ch\/de\/wp-json\/wp\/v2\/pages"}],"about":[{"href":"https:\/\/test.tedcamper.ch\/de\/wp-json\/wp\/v2\/types\/page"}],"author":[{"embeddable":true,"href":"https:\/\/test.tedcamper.ch\/de\/wp-json\/wp\/v2\/users\/1"}],"replies":[{"embeddable":true,"href":"https:\/\/test.tedcamper.ch\/de\/wp-json\/wp\/v2\/comments?post=499"}],"version-history":[{"count":3,"href":"https:\/\/test.tedcamper.ch\/de\/wp-json\/wp\/v2\/pages\/499\/revisions"}],"predecessor-version":[{"id":828,"href":"https:\/\/test.tedcamper.ch\/de\/wp-json\/wp\/v2\/pages\/499\/revisions\/828"}],"wp:attachment":[{"href":"https:\/\/test.tedcamper.ch\/de\/wp-json\/wp\/v2\/media?parent=499"}],"curies":[{"name":"wp","href":"https:\/\/api.w.org\/{rel}","templated":true}]}}