{"id":482,"date":"2026-03-09T11:39:01","date_gmt":"2026-03-09T10:39:01","guid":{"rendered":"https:\/\/test.tedcamper.ch\/impressum\/"},"modified":"2026-03-25T13:27:42","modified_gmt":"2026-03-25T12:27:42","slug":"impressum","status":"publish","type":"page","link":"https:\/\/test.tedcamper.ch\/de\/impressum\/","title":{"rendered":"Impressum"},"content":{"rendered":"\n<h2 class=\"wp-block-heading\">Impressum<\/h2>\n\n<h3 class=\"wp-block-heading\">Herausgeber der Website<\/h3>\n\n<p><strong>TED Camper<\/strong><br\/>Waadt, Schweiz<br\/>E-Mail: <a href=\"mailto:info@tedcamper.ch\">info@tedcamper.ch<\/a><\/p>\n\n<hr class=\"wp-block-separator has-alpha-channel-opacity\"\/>\n\n<h3 class=\"wp-block-heading\">Hosting<\/h3>\n\n<p>Die Website wird von einem externen Anbieter gehostet.<\/p>\n\n<hr class=\"wp-block-separator has-alpha-channel-opacity\"\/>\n\n<h3 class=\"wp-block-heading\">Geistiges Eigentum<\/h3>\n\n<p>Alle Inhalte der Website (Texte, Bilder, Logo) sind gesch\u00fctzt.<\/p>\n\n<hr class=\"wp-block-separator has-alpha-channel-opacity\"\/>\n\n<h3 class=\"wp-block-heading\">Haftung<\/h3>\n\n<p>TED Camper bem\u00fcht sich, zuverl\u00e4ssige Informationen bereitzustellen, garantiert jedoch keine absolute Genauigkeit.<\/p>\n\n<p><\/p>\n","protected":false},"excerpt":{"rendered":"<p>Impressum Herausgeber der Website TED CamperWaadt, SchweizE-Mail: info@tedcamper.ch Hosting Die Website wird von einem externen Anbieter gehostet. Geistiges Eigentum Alle Inhalte der Website (Texte, Bilder, Logo) sind gesch\u00fctzt. Haftung TED Camper bem\u00fcht sich, zuverl\u00e4ssige Informationen bereitzustellen, garantiert jedoch keine absolute Genauigkeit.<\/p>\n","protected":false},"author":1,"featured_media":0,"parent":0,"menu_order":0,"comment_status":"closed","ping_status":"closed","template":"","meta":{"_kad_post_transparent":"","_kad_post_title":"hide","_kad_post_layout":"narrow","_kad_post_sidebar_id":"","_kad_post_content_style":"","_kad_post_vertical_padding":"","_kad_post_feature":"","_kad_post_feature_position":"","_kad_post_header":false,"_kad_post_footer":false,"_kad_post_classname":"","footnotes":""},"class_list":["post-482","page","type-page","status-publish","hentry"],"_links":{"self":[{"href":"https:\/\/test.tedcamper.ch\/de\/wp-json\/wp\/v2\/pages\/482","targetHints":{"allow":["GET"]}}],"collection":[{"href":"https:\/\/test.tedcamper.ch\/de\/wp-json\/wp\/v2\/pages"}],"about":[{"href":"https:\/\/test.tedcamper.ch\/de\/wp-json\/wp\/v2\/types\/page"}],"author":[{"embeddable":true,"href":"https:\/\/test.tedcamper.ch\/de\/wp-json\/wp\/v2\/users\/1"}],"replies":[{"embeddable":true,"href":"https:\/\/test.tedcamper.ch\/de\/wp-json\/wp\/v2\/comments?post=482"}],"version-history":[{"count":3,"href":"https:\/\/test.tedcamper.ch\/de\/wp-json\/wp\/v2\/pages\/482\/revisions"}],"predecessor-version":[{"id":825,"href":"https:\/\/test.tedcamper.ch\/de\/wp-json\/wp\/v2\/pages\/482\/revisions\/825"}],"wp:attachment":[{"href":"https:\/\/test.tedcamper.ch\/de\/wp-json\/wp\/v2\/media?parent=482"}],"curies":[{"name":"wp","href":"https:\/\/api.w.org\/{rel}","templated":true}]}}